{"id":263,"date":"2022-05-15T17:33:39","date_gmt":"2022-05-15T08:33:39","guid":{"rendered":"https:\/\/the-room-tour.com\/hp\/?page_id=263"},"modified":"2024-02-21T15:44:36","modified_gmt":"2024-02-21T06:44:36","slug":"about-us","status":"publish","type":"page","link":"https:\/\/the-room-tour.com\/hp\/about-us\/","title":{"rendered":"\u904b\u55b6\u4f1a\u793e"},"content":{"rendered":"\n<p class=\"has-text-align-center\"><strong>\u300cTHE ROOM TOUR\u300d\u306f\u3001<\/strong><br><strong>\u682a\u5f0f\u4f1a\u793e\u30b6\u30eb\u30fc\u30e0\u30c4\u30a2\u30fc\u304c\u904b\u55b6\u3059\u308bWEB\u30e1\u30c7\u30a3\u30a2\u30b5\u30fc\u30d3\u30b9\u3067\u3059\u3002<\/strong><\/p>\n\n\n\n<h2 class=\"wp-block-heading\">\u904b\u55b6\u8005\u60c5\u5831<\/h2>\n\n\n\n<figure class=\"wp-block-table td_to_th_ is-style-regular min_width20_\"><table><tbody><tr><td>\u30b5\u30a4\u30c8\u540d<\/td><td>THE ROOM TOUR <\/td><\/tr><tr><td>\u793e\u540d<\/td><td>\u682a\u5f0f\u4f1a\u793e\u30b6\u30eb\u30fc\u30e0\u30c4\u30a2\u30fc<\/td><\/tr><tr><td>\u4ee3\u8868\u8005<\/td><td>\u95a2\u6c34\u3000\u4e9c\u91cc\u6c99<\/td><\/tr><tr><td>\u672c\u793e\u6240\u5728\u5730<\/td><td>\u3012243-0122 \u795e\u5948\u5ddd\u770c\u539a\u6728\u5e02\u68ee\u306e\u91cc1-10-6<\/td><\/tr><tr><td>\u8a2d\u7acb<\/td><td>2022\u5e745\u6708<\/td><\/tr><tr><td>\u4e8b\u696d\u5185\u5bb9<\/td><td>\u300cTHE ROOM TOUR\u300d\u306e\u4f01\u753b\u30fb\u958b\u767a\u30fb\u904b\u55b6\u3001\u640d\u5bb3\u4fdd\u967a\u4ee3\u7406\u5e97\u696d<\/td><\/tr><\/tbody><\/table><\/figure>\n\n\n\n<p>&nbsp; \u203b\u30b5\u30a4\u30c8\u5185\u306e\u60c5\u5831\u306b\u95a2\u3057\u3066\u306f\u3001<a href=\"mailto:info@the-roomtour.com\">info@the-roomtour.com<\/a>\u306b\u304a\u554f\u3044\u5408\u308f\u305b\u4e0b\u3055\u3044\u3002<\/p>\n\n\n\n<h2 class=\"wp-block-heading\">\u30e1\u30c7\u30a3\u30a2\u30b3\u30f3\u30bb\u30d7\u30c8<\/h2>\n\n\n\n<p>THE ROOM TOUR\u306f\u305f\u3060\u3072\u3068\u3064\u306e\u30b3\u30f3\u30bb\u30d7\u30c8\u306e\u5b9f\u73fe\u3092\u76ee\u6307\u3057\u3066\u3044\u307e\u3059\u3002<\/p>\n\n\n\n<p class=\"has-text-align-center is-style-kakko_box\"><strong><span class=\"swl-fz u-fz-l\">\u3010\u4f4f\u307f\u305f\u3044\u66ae\u3089\u3057\u304c\u3053\u3053\u306b\u3042\u308b\u3011<\/span><\/strong><\/p>\n\n\n\n<p class=\"has-text-align-center\"><\/p>\n\n\n\n<p>\u300c\u5bb6\u300d\u306f\u4eba\u751f\u3067\u4e00\u756a\u5927\u304d\u306a\u8cb7\u3044\u7269\u3067\u3042\u308a\u3001\u4eba\u751f\u3067\u6700\u3082\u9577\u3044\u6642\u9593\u3092\u904e\u3054\u3059\u5834\u6240\u3067\u3059\u3002<\/p>\n\n\n\n<p>\u3057\u304b\u3057\u306a\u304c\u3089\u3001\u6e96\u5099\u4e0d\u8db3\u3084\u60c5\u5831\u53ce\u96c6\u4e0d\u8db3\u3067\u3001<strong><span class=\"swl-marker mark_yellow\">\u5bb6\u3065\u304f\u308a\u306b\u5f8c\u6094\u304c\u6b8b\u308b\u30b1\u30fc\u30b9<\/span><\/strong>\u3082\u5c11\u306a\u304f\u306a\u3044\u3067\u3059\u3002<\/p>\n\n\n\n<p>\u5b9f\u969b\u306b\u30a4\u30f3\u30b9\u30bf\u30b0\u30e9\u30e0\u3067\u5bc4\u305b\u3089\u308c\u308b\u5bb6\u3065\u304f\u308a\u7d4c\u9a13\u8ac7\u306b\u306f\u3001\u5f8c\u6094\u4f53\u9a13\u8ac7\u3084\u82e6\u52b4\u8a71\u304c\u3068\u3066\u3082\u591a\u3044\u3067\u3059\u3002<\/p>\n\n\n\n<p>\u3053\u308c\u3092\u8aad\u3093\u3067\u3044\u308b\u65b9\u306e\u4e2d\u306b\u3082\u3001<\/p>\n\n\n\n<p><strong>\u300c\u7406\u60f3\u306e\u30de\u30a4\u30db\u30fc\u30e0\u3092\u5efa\u3066\u308b\u306e\u306f\u697d\u3057\u307f\u3060\u3051\u3069\u3001\u308f\u304b\u3089\u306a\u3044\u3053\u3068\u3060\u3089\u3051\u3067\u4e0d\u5b89\u300d<\/strong><\/p>\n\n\n\n<p>\u3068\u3001\u601d\u3063\u3066\u3044\u308b\u65b9\u3082\u591a\u3044\u3068\u601d\u3044\u307e\u3059\u3002<\/p>\n\n\n\n<p class=\"has-text-align-center is-style-stitch\"><span class=\"swl-fz u-fz-l\"><strong>\u3082\u3063\u3068\u5bb6\u3065\u304f\u308a\u3092<\/strong><br><strong>\u30ef\u30af\u30ef\u30af\u697d\u3057\u3044\u3082\u306e\u306b\u3057\u305f\u3044\uff01<\/strong><\/span><\/p>\n\n\n\n<p class=\"has-text-align-center\"><\/p>\n\n\n\n<p>\u305b\u3063\u304b\u304f\u306e\u5bb6\u3065\u304f\u308a\u306a\u3089\u3070\u3001\u5f8c\u6094\u306a\u3093\u3066\u3057\u305f\u304f\u306a\u3044\u3002<br>\u305d\u3057\u3066\u3001\u3082\u3063\u3068\u697d\u3057\u304f\u3066\u30ef\u30af\u30ef\u30af\u3059\u308b\u3082\u306e\u306b\u3057\u305f\u3044\u3002<\/p>\n\n\n\n<p>\u3053\u306e\u305f\u3081\u306b\u306f\u3001\u7d76\u5bfe\u306b\u30de\u30a4\u30db\u30fc\u30e0\u3067\u5f8c\u6094\u3057\u306a\u3044\u305f\u3081\u306e<strong>\u77e5\u8b58\u304c\u5fc5\u8981\u3067\u3059\u3002<\/strong><\/p>\n\n\n\n<p>SNS\u9023\u52d5\u578b\u306eWeb\u30e1\u30c7\u30a3\u30a2\u306a\u3089\u672c\u5f53\u306e\u77e5\u8b58\u3068\u30ea\u30a2\u30eb\u306a\u7d4c\u9a13\u8ac7\u3092\u5c4a\u3051\u3089\u308c\u308b\u306f\u305a\u3002<\/p>\n\n\n\n<p>\u305d\u3093\u306a\u601d\u3044\u3067\u3001THE ROOM TOUR\u3092\u7acb\u3061\u4e0a\u3052\u307e\u3057\u305f\u3002<\/p>\n\n\n\n<p class=\"is-style-kakko_box\">NHK\u30af\u30ed\u30fc\u30ba\u30a2\u30c3\u30d7\u73fe\u4ee3\u51fa\u6f14\u30ad\u30e3\u30f3\u30da\u30fc\u30f3\u3068\u3057\u3066<strong>\u300c\u304a\u5f97\u306a\u304a\u8a66\u3057\u63b2\u8f09\u30d7\u30e9\u30f3\u300d<\/strong>\u3092\u5b9f\u65bd\u4e2d\u3067\u3059\u3002\u63b2\u8f09\u30e1\u30cb\u30e5\u30fc\u306b\u3064\u3044\u3066\u306e\u8a73\u7d30\u306f\u3001\u304a\u554f\u3044\u5408\u308f\u305b\u30d5\u30a9\u30fc\u30e0\u304b\u3089\u8cc7\u6599\u3092\u30c0\u30a6\u30f3\u30ed\u30fc\u30c9\u3057\u3066\u3054\u78ba\u8a8d\u304f\u3060\u3055\u3044\u3002<\/p>\n\n\n\n<div class=\"wp-block-contact-form-7-contact-form-selector\">\n<div class=\"wpcf7 no-js\" id=\"wpcf7-f16-o1\" lang=\"ja\" dir=\"ltr\">\n<div class=\"screen-reader-response\"><p role=\"status\" aria-live=\"polite\" aria-atomic=\"true\"><\/p> <ul><\/ul><\/div>\n<form action=\"\/hp\/wp-json\/wp\/v2\/pages\/263#wpcf7-f16-o1\" method=\"post\" class=\"wpcf7-form init\" aria-label=\"\u30b3\u30f3\u30bf\u30af\u30c8\u30d5\u30a9\u30fc\u30e0\" novalidate=\"novalidate\" data-status=\"init\">\n<div style=\"display: none;\">\n<input type=\"hidden\" name=\"_wpcf7\" value=\"16\" \/>\n<input type=\"hidden\" name=\"_wpcf7_version\" value=\"5.8.7\" \/>\n<input type=\"hidden\" name=\"_wpcf7_locale\" value=\"ja\" \/>\n<input type=\"hidden\" name=\"_wpcf7_unit_tag\" value=\"wpcf7-f16-o1\" \/>\n<input type=\"hidden\" name=\"_wpcf7_container_post\" value=\"0\" \/>\n<input type=\"hidden\" name=\"_wpcf7_posted_data_hash\" value=\"\" \/>\n<input type=\"hidden\" name=\"_wpcf7_recaptcha_response\" value=\"\" \/>\n<\/div>\n<table class=\"CF7_table\">\n\t<tr>\n\t\t<th>\n\t\t\t<p><span class=\"CF7_req\">\u5fc5\u9808<\/span>\u3054\u76f8\u8ac7\u5185\u5bb9\n\t\t\t<\/p>\n\t\t<\/th>\n\t\t<td>\n\t\t\t<p><span class=\"wpcf7-form-control-wrap\" data-name=\"checkbox-inq\"><span class=\"wpcf7-form-control wpcf7-checkbox wpcf7-validates-as-required\"><span class=\"wpcf7-list-item first\"><input type=\"checkbox\" name=\"checkbox-inq[]\" value=\"\u8cc7\u6599\u30c0\u30a6\u30f3\u30ed\u30fc\u30c9\" \/><span class=\"wpcf7-list-item-label\">\u8cc7\u6599\u30c0\u30a6\u30f3\u30ed\u30fc\u30c9<\/span><\/span><span class=\"wpcf7-list-item\"><input type=\"checkbox\" name=\"checkbox-inq[]\" value=\"\u3054\u76f8\u8ac7\" \/><span class=\"wpcf7-list-item-label\">\u3054\u76f8\u8ac7<\/span><\/span><span class=\"wpcf7-list-item\"><input type=\"checkbox\" name=\"checkbox-inq[]\" value=\"\u304a\u554f\u3044\u5408\u308f\u305b\" \/><span class=\"wpcf7-list-item-label\">\u304a\u554f\u3044\u5408\u308f\u305b<\/span><\/span><span class=\"wpcf7-list-item last\"><input type=\"checkbox\" name=\"checkbox-inq[]\" value=\"\u305d\u306e\u4ed6\" \/><span class=\"wpcf7-list-item-label\">\u305d\u306e\u4ed6<\/span><\/span><\/span><\/span>\n\t\t\t<\/p>\n\t\t<\/td>\n\t<\/tr>\n\t<tr>\n\t\t<th>\n\t\t\t<p><span class=\"CF7_req\">\u5fc5\u9808<\/span>\u304a\u540d\u524d\n\t\t\t<\/p>\n\t\t<\/th>\n\t\t<td>\n\t\t\t<p><span class=\"wpcf7-form-control-wrap\" data-name=\"your-name\"><input size=\"40\" class=\"wpcf7-form-control wpcf7-text wpcf7-validates-as-required\" aria-required=\"true\" aria-invalid=\"false\" placeholder=\"\u4f8b\uff1a\u3054\u62c5\u5f53\u8005\u6c0f\u540d\" value=\"\" type=\"text\" name=\"your-name\" \/><\/span>\n\t\t\t<\/p>\n\t\t<\/td>\n\t<\/tr>\n\t<tr>\n\t\t<th>\n\t\t\t<p><span class=\"CF7_req\">\u5fc5\u9808<\/span>\u30e1\u30fc\u30eb\u30a2\u30c9\u30ec\u30b9\n\t\t\t<\/p>\n\t\t<\/th>\n\t\t<td>\n\t\t\t<p><span class=\"wpcf7-form-control-wrap\" data-name=\"your-email\"><input size=\"40\" class=\"wpcf7-form-control wpcf7-email wpcf7-validates-as-required wpcf7-text wpcf7-validates-as-email\" aria-required=\"true\" aria-invalid=\"false\" placeholder=\"\u4f8b\uff1a\u00d7\u00d7\u00d7@\u00d7\u00d7\u00d7.com\" value=\"\" type=\"email\" name=\"your-email\" \/><\/span>\n\t\t\t<\/p>\n\t\t<\/td>\n\t<\/tr>\n\t<tr>\n\t\t<th>\n\t\t\t<p><span class=\"CF7_req\">\u5fc5\u9808<\/span>\u4f1a\u793e\u540d\n\t\t\t<\/p>\n\t\t<\/th>\n\t\t<td>\n\t\t\t<p><span class=\"wpcf7-form-control-wrap\" data-name=\"your-company\"><input size=\"40\" class=\"wpcf7-form-control wpcf7-text wpcf7-validates-as-required\" aria-required=\"true\" aria-invalid=\"false\" placeholder=\"\u4f8b\uff1a\u25ef\u25ef\u682a\u5f0f\u4f1a\u793e\" value=\"\" type=\"text\" name=\"your-company\" \/><\/span>\n\t\t\t<\/p>\n\t\t<\/td>\n\t<\/tr>\n\t<tr>\n\u3000\u3000\u3000\u3000\u3000\u3000\u3000\u3000\u3000\u3000\u3000\u3000\u3000\u3000\u3000\u3000\u3000\u3000\u3000\u3000\u3000\u3000\u3000\u3000\u3000\u3000\u3000\u3000\u3000\u3000\u3000\u3000\u3000\u3000\u3000\n\t\t<th>\n\t\t\t<p><span class=\"CF7_req\">\u5fc5\u9808<\/span>\u304a\u96fb\u8a71\u756a\u53f7\n\t\t\t<\/p>\n\t\t<\/th>\n\t\t<td>\n\t\t\t<p><span class=\"wpcf7-form-control-wrap\" data-name=\"your-tel\"><input size=\"40\" class=\"wpcf7-form-control wpcf7-text wpcf7-validates-as-required\" aria-required=\"true\" aria-invalid=\"false\" placeholder=\"\u4f8b\uff1a03-1234-5678\" value=\"\" type=\"text\" name=\"your-tel\" \/><\/span>\n\t\t\t<\/p>\n\t\t<\/td>\n\t<\/tr>\n\t<tr>\u3000\u3000\u3000\u3000\u3000\u3000\u3000\u3000\u3000\u3000\u3000\u3000\n\u3000\u3000\u3000\u3000\u3000\u3000\u3000\u3000\u3000\u3000\u3000\u3000\u3000\u3000\u3000\u3000\u3000\u3000\u3000\u3000\u3000\u3000\u3000\u3000\u3000\u3000\u3000\u3000\u3000\u3000\u3000\u3000\u3000\n\t\t<th>\n\t\t\t<p><span class=\"CF7_req\">\u5fc5\u9808<\/span>\u30e1\u30c3\u30bb\u30fc\u30b8\u672c\u6587\n\t\t\t<\/p>\n\t\t<\/th>\n\t\t<td class=\"message-100\">\n\t\t\t<p><span class=\"wpcf7-form-control-wrap\" data-name=\"your-message\"><textarea cols=\"40\" rows=\"10\" class=\"wpcf7-form-control wpcf7-textarea wpcf7-validates-as-required\" aria-required=\"true\" aria-invalid=\"false\" placeholder=\"\u304a\u554f\u3044\u5408\u308f\u305b\u5185\u5bb9\u3092\u3054\u8a18\u5165\u304f\u3060\u3055\u3044\" name=\"your-message\"><\/textarea><\/span>\u3000\n\t\t\t<\/p>\n\t\t<\/td>\n\t<\/tr>\n<\/table>\n<p class=\"CF7_btn\"><input class=\"wpcf7-form-control wpcf7-submit has-spinner\" type=\"submit\" value=\"\u9001\u4fe1\u3059\u308b\" \/>\n<\/p><div class=\"wpcf7-response-output\" aria-hidden=\"true\"><\/div>\n<\/form>\n<\/div>\n<\/div>\n","protected":false},"excerpt":{"rendered":"<p>\u300cTHE ROOM TOUR\u300d\u306f\u3001\u682a\u5f0f\u4f1a\u793e\u30b6\u30eb\u30fc\u30e0\u30c4\u30a2\u30fc\u304c\u904b\u55b6\u3059\u308bWEB\u30e1\u30c7\u30a3\u30a2\u30b5\u30fc\u30d3\u30b9\u3067\u3059\u3002 \u904b\u55b6\u8005\u60c5\u5831 \u30b5\u30a4\u30c8\u540d THE ROOM TOUR \u793e\u540d \u682a\u5f0f\u4f1a\u793e\u30b6\u30eb\u30fc\u30e0\u30c4\u30a2\u30fc \u4ee3\u8868\u8005 \u95a2\u6c34\u3000\u4e9c\u91cc\u6c99 \u672c\u793e\u6240\u5728\u5730 \u3012243- [&hellip;]<\/p>\n","protected":false},"author":1,"featured_media":0,"parent":0,"menu_order":0,"comment_status":"closed","ping_status":"closed","template":"","meta":{"swell_btn_cv_data":"","footnotes":""},"class_list":["post-263","page","type-page","status-publish","hentry"],"_links":{"self":[{"href":"https:\/\/the-room-tour.com\/hp\/wp-json\/wp\/v2\/pages\/263","targetHints":{"allow":["GET"]}}],"collection":[{"href":"https:\/\/the-room-tour.com\/hp\/wp-json\/wp\/v2\/pages"}],"about":[{"href":"https:\/\/the-room-tour.com\/hp\/wp-json\/wp\/v2\/types\/page"}],"author":[{"embeddable":true,"href":"https:\/\/the-room-tour.com\/hp\/wp-json\/wp\/v2\/users\/1"}],"replies":[{"embeddable":true,"href":"https:\/\/the-room-tour.com\/hp\/wp-json\/wp\/v2\/comments?post=263"}],"version-history":[{"count":4,"href":"https:\/\/the-room-tour.com\/hp\/wp-json\/wp\/v2\/pages\/263\/revisions"}],"predecessor-version":[{"id":889,"href":"https:\/\/the-room-tour.com\/hp\/wp-json\/wp\/v2\/pages\/263\/revisions\/889"}],"wp:attachment":[{"href":"https:\/\/the-room-tour.com\/hp\/wp-json\/wp\/v2\/media?parent=263"}],"curies":[{"name":"wp","href":"https:\/\/api.w.org\/{rel}","templated":true}]}}